{"id":10,"date":"2016-05-27T13:06:39","date_gmt":"2016-05-27T13:06:39","guid":{"rendered":"http:\/\/resource-brokers.com\/?page_id=10"},"modified":"2025-07-24T10:16:08","modified_gmt":"2025-07-24T10:16:08","slug":"senior-partner","status":"publish","type":"page","link":"https:\/\/resource-brokers.com\/?page_id=10","title":{"rendered":"Partner"},"content":{"rendered":"\n<figure class=\"wp-block-image\"><img loading=\"lazy\" decoding=\"async\" width=\"205\" height=\"282\" src=\"https:\/\/resource-brokers.com\/wp-content\/uploads\/2016\/05\/FS.jpg\" alt=\"FS\" class=\"wp-image-13\"\/><\/figure>\n\n\n\n<p><\/p>\n\n\n\n<h4 class=\"wp-block-heading\">Folker Scholz<\/h4>\n\n\n\n<blockquote class=\"wp-block-quote is-layout-flow wp-block-quote-is-layout-flow\">\n<p>&#8222;Es gibt nicht die eine Mega-Strategie, die Ihnen den sicheren Erfolg verspricht. Was heute noch funktionierte, kann morgen schon scheitern, denn die M\u00e4rkte ver\u00e4ndern sich st\u00e4ndig. Es gilt, die Ver\u00e4nderungen zu erkennen, zu gestalten und zu steuern.&#8220;<\/p>\n<\/blockquote>\n\n\n\n<ul class=\"wp-block-list\">\n<li>Jahrgang 1963, Dipl. Kfm (FH), Schwerpunkt Wirtschaftsinformatik<\/li>\n\n\n\n<li>Unternehmensberater und Autor (B\u00fccher, Computerwoche, CIO, IT Governance)<\/li>\n\n\n\n<li>Seit 1987 in unterschiedlichen Positionen (u.a f\u00fcr KPMG) im Governance-, Risk- und Compliance-Umfeld t\u00e4tig<\/li>\n\n\n\n<li>Certified in Risk and Information Systems Control (CRISC)<\/li>\n\n\n\n<li>Zertifizierter Berater im Bundesverband Mittelst\u00e4ndische Wirtschaft (BVMW)<\/li>\n\n\n\n<li>Mitglied der Kommission Internet und Digitales (BVMW)<\/li>\n\n\n\n<li>Mitglied im Expertenkreis Nachhaltigkeit (BVMW)<\/li>\n\n\n\n<li>Ehrenamtliches Engagement u. a. im Deutschen Netzwerk Wirtschaftsethik (DNWE) und in der Information Systems Audit and Control Association (ISACA)<\/li>\n\n\n\n<li>Berater und Juror beim Business Plan Wettbewerb Berlin Brandenburg (BPW) 2013-2022<\/li>\n<\/ul>\n\n\n\n<h3 class=\"wp-block-heading\"><span style=\"color: #993366;\">Aufgabenbereiche<\/span><\/h3>\n\n\n\n<ul class=\"wp-block-list\">\n<li>Strategieberatung (ECM, IT, Gesch\u00e4ftsmodelle, Nachhaltigkeit)<\/li>\n\n\n\n<li>Anbahnung von Kooperationen<\/li>\n\n\n\n<li>Iniitiierung und Management von F\u00f6rderprojekten<\/li>\n\n\n\n<li>Entwicklung von Methoden, Strategien, Konzepten und Produkten<\/li>\n\n\n\n<li>Trend-Analysen<\/li>\n\n\n\n<li>Qualit\u00e4tssicherung<\/li>\n\n\n\n<li>Durchf\u00fchrung von Marktstudien<\/li>\n\n\n\n<li>Workshops und Vortr\u00e4ge<\/li>\n<\/ul>\n\n\n\n<h3 class=\"wp-block-heading\"><span style=\"color: #993366;\">Schwerpunkte<\/span><\/h3>\n\n\n\n<ul class=\"wp-block-list\">\n<li>Beratung<\/li>\n\n\n\n<li>Entwicklung Kooperativer Innovationsformate<\/li>\n\n\n\n<li>Unterst\u00fctzung als &#8222;Digitaler Beirat&#8220;<\/li>\n\n\n\n<li>IT-Compliance (Einsch\u00e4tzung, Organisation, Datenmanagement und Tool-Support)<\/li>\n\n\n\n<li>Dokumentations-Logistik f\u00fcr eine funktionierende IT Governance<\/li>\n\n\n\n<li>Bio-Logisch managen: Anwendung von seit Millionen von Jahren erprobten biologischen Prinzipien f\u00fcr verschiedene wirtschaftliche Fragestellungen<\/li>\n<\/ul>\n\n\n\n<h4 class=\"wp-block-heading\"><span style=\"color: #993366;\">Kontakt<\/span><\/h4>\n\n\n\n<p>Insterburgallee 33 f<br>14055 Berlin<br>Tel. 030 &#8211; 30 61 47 05<br>Mobil 0171 &#8211; 74 41 963<br>eMail folker.scholz@resource-brokers.de<\/p>\n\n\n\n<hr class=\"wp-block-separator has-alpha-channel-opacity\"\/>\n\n\n\n<figure class=\"wp-block-image\"><img loading=\"lazy\" decoding=\"async\" width=\"214\" height=\"300\" src=\"https:\/\/resource-brokers.com\/wp-content\/uploads\/2016\/05\/ww-214x300.jpg\" alt=\"ww\" class=\"wp-image-14\" srcset=\"https:\/\/resource-brokers.com\/wp-content\/uploads\/2016\/05\/ww-214x300.jpg 214w, https:\/\/resource-brokers.com\/wp-content\/uploads\/2016\/05\/ww.jpg 343w\" sizes=\"auto, (max-width: 214px) 100vw, 214px\" \/><\/figure>\n\n\n\n<p><\/p>\n\n\n\n<h4 class=\"wp-block-heading\">Walter F. Wildemann<\/h4>\n\n\n\n<blockquote class=\"wp-block-quote is-layout-flow wp-block-quote-is-layout-flow\">\n<p>&#8222;Seri\u00f6se Beratung orientiert sich an der Analyse identifizierter Probleme, L\u00f6sungsempfehlungen f\u00fcr den Kunden und einer nachweisbar wirtschaftlichen Realisierung.&#8220;<\/p>\n<\/blockquote>\n\n\n\n<ul class=\"wp-block-list\">\n<li>Jahrgang 1941, Dipl. Betriebswirt (FH)<\/li>\n\n\n\n<li>Aufbau und Betreuung kaufm. Bereiche in Vertriebsorganisationen<\/li>\n\n\n\n<li>Ein- und Umgliederungen von Gesch\u00e4ftseinheiten<\/li>\n\n\n\n<li>Mehrj\u00e4hrige T\u00e4tigkeit bei internationaler WP-Gesellschaft<\/li>\n\n\n\n<li>Aufbau und Leitung einer Dienstleistungseinheit &#8222;Dokumentenmanagement&#8220; mit mehr als 150 Mitarbeitern und \u00fcber 100 Projekten<\/li>\n\n\n\n<li>Langj\u00e4hrige Auslandserfahrungen in Leitungsfunktionen<\/li>\n\n\n\n<li>Gesellschafter- Gesch\u00e4ftsf\u00fchrer im Mittelstand<\/li>\n\n\n\n<li>Lehrbeauftragter f\u00fcr Konzerncontrolling<\/li>\n<\/ul>\n\n\n\n<h3 class=\"wp-block-heading\"><span style=\"color: #993366;\">Aufgabenbereiche<\/span><\/h3>\n\n\n\n<ul class=\"wp-block-list\">\n<li>Identifizierung von Projekten<\/li>\n\n\n\n<li>Gr\u00fcndung und kfm. Gesch\u00e4ftsf\u00fchrung von Mittelstandsunternehmen im Dienstleistungsbereich<\/li>\n\n\n\n<li>Management-Beratung<\/li>\n<\/ul>\n\n\n\n<h3 class=\"wp-block-heading\"><span style=\"color: #993366;\">Schwerpunkte<\/span><\/h3>\n\n\n\n<ul class=\"wp-block-list\">\n<li>Gesch\u00e4ftsgr\u00fcndungen<\/li>\n\n\n\n<li>Archivierung und Dokumentenmanagement<\/li>\n\n\n\n<li>Managementberatung f\u00fcr Non-Profit-Organisationen<\/li>\n\n\n\n<li>Interimsmanagement<\/li>\n<\/ul>\n\n\n\n<h4 class=\"wp-block-heading\"><span style=\"color: #993366;\">Kontakt<\/span><\/h4>\n\n\n\n<p>Tel. 040-60 299 349<br>Mobil 0176 &#8211; 71 73 47 00<br>eMail walter.wildemann@resource-brokers.de<br>Poppenb\u00fctteler Weg 200<br>22399 Hamburg<\/p>\n","protected":false},"excerpt":{"rendered":"<p>Folker Scholz &#8222;Es gibt nicht die eine Mega-Strategie, die Ihnen den sicheren Erfolg verspricht. Was heute noch funktionierte, kann morgen schon scheitern, denn die M\u00e4rkte ver\u00e4ndern sich st\u00e4ndig. Es gilt, die Ver\u00e4nderungen zu erkennen, zu gestalten und zu steuern.&#8220; Aufgabenbereiche Schwerpunkte Kontakt Insterburgallee 33 f14055 BerlinTel. 030 &#8211; 30 61 47 05Mobil 0171 &#8211; 74 &#8230; <a title=\"Partner\" class=\"read-more\" href=\"https:\/\/resource-brokers.com\/?page_id=10\" aria-label=\"Mehr Informationen \u00fcber Partner\">Weiterlesen<\/a><\/p>\n","protected":false},"author":1,"featured_media":0,"parent":0,"menu_order":0,"comment_status":"closed","ping_status":"closed","template":"","meta":{"footnotes":""},"class_list":["post-10","page","type-page","status-publish"],"_links":{"self":[{"href":"https:\/\/resource-brokers.com\/index.php?rest_route=\/wp\/v2\/pages\/10","targetHints":{"allow":["GET"]}}],"collection":[{"href":"https:\/\/resource-brokers.com\/index.php?rest_route=\/wp\/v2\/pages"}],"about":[{"href":"https:\/\/resource-brokers.com\/index.php?rest_route=\/wp\/v2\/types\/page"}],"author":[{"embeddable":true,"href":"https:\/\/resource-brokers.com\/index.php?rest_route=\/wp\/v2\/users\/1"}],"replies":[{"embeddable":true,"href":"https:\/\/resource-brokers.com\/index.php?rest_route=%2Fwp%2Fv2%2Fcomments&post=10"}],"version-history":[{"count":18,"href":"https:\/\/resource-brokers.com\/index.php?rest_route=\/wp\/v2\/pages\/10\/revisions"}],"predecessor-version":[{"id":152,"href":"https:\/\/resource-brokers.com\/index.php?rest_route=\/wp\/v2\/pages\/10\/revisions\/152"}],"wp:attachment":[{"href":"https:\/\/resource-brokers.com\/index.php?rest_route=%2Fwp%2Fv2%2Fmedia&parent=10"}],"curies":[{"name":"wp","href":"https:\/\/api.w.org\/{rel}","templated":true}]}}