{"id":154,"date":"2025-07-29T08:19:40","date_gmt":"2025-07-29T08:19:40","guid":{"rendered":"https:\/\/resource-brokers.com\/?page_id=154"},"modified":"2025-07-29T08:20:28","modified_gmt":"2025-07-29T08:20:28","slug":"sobre-nosotros","status":"publish","type":"page","link":"https:\/\/resource-brokers.com\/?page_id=154&lang=es","title":{"rendered":"Sobre Nosotros"},"content":{"rendered":"\n<p id=\"block-29385b3c-53d5-4832-abf3-991610dcd48a\"><\/p>\n\n\n\n<h1 class=\"wp-block-heading\" id=\"block-a93b81e8-1616-4a52-80ad-70e915a2362c\"><mark style=\"background-color:rgba(0, 0, 0, 0)\" class=\"has-inline-color has-berschriften-color\">Nuestra misi\u00f3n<\/mark><\/h1>\n\n\n\n<p id=\"block-67239fe2-00c0-4489-9abf-7d3d3ce44164\">Conocemos el poder de la cooperaci\u00f3n. Ayudamos a nuestros clientes a encontrar socios y recursos de cooperaci\u00f3n para sus situaciones empresariales particulares.<\/p>\n\n\n\n<h1 class=\"wp-block-heading\" id=\"block-544b9212-8a59-4699-890c-db0cce31c0f0\"><mark style=\"background-color:rgba(0, 0, 0, 0)\" class=\"has-inline-color has-berschriften-color\">Nuestras actividades comerciales<\/mark><\/h1>\n\n\n\n<p id=\"block-b943fa4c-5467-475e-9c03-7d12e61b7d95\">Nuestra \u00e1rea principal son las tecnolog\u00edas de la informaci\u00f3n y todo lo relacionado con ellas.<\/p>\n\n\n\n<p>Si le falta un recurso importante para su idea de negocio o su proyecto, nosotros se lo conseguimos.<\/p>\n\n\n\n<p>Usted est\u00e1 planeando una cooperaci\u00f3n o una red &#8211; nosotros le ayudamos con la inicializaci\u00f3n y organizamos la estructura organizativa neutral.<\/p>\n\n\n\n<p>Tiene una idea empresarial interesante y quiere probar su viabilidad sin el gasto que supone crear una empresa &#8211; Le ofrecemos asesoramiento, gesti\u00f3n de proyectos y una plataforma de puesta en marcha establecida para la fase inicial.<\/p>\n\n\n\n<p>Desea establecer una representaci\u00f3n comercial en Berl\u00edn &#8211; Nosotros organizamos el inicio. (No s\u00f3lo para empresas de TI)<\/p>\n\n\n\n<p id=\"block-c3be959a-b8a6-4b4a-9909-ff0c15d64570\">Quiere solicitar financiaci\u00f3n p\u00fablica para un proyecto de innovaci\u00f3n en la metr\u00f3polis de las start-ups de Berl\u00edn &#8211; Le ayudamos a seleccionar el programa de financiaci\u00f3n adecuado y a preparar las solicitudes de financiaci\u00f3n.<\/p>\n\n\n\n<h1 class=\"wp-block-heading\" id=\"block-92ef7281-39f6-4a3b-a5e3-7f49490abd51\"><mark style=\"background-color:rgba(0, 0, 0, 0)\" class=\"has-inline-color has-berschriften-color\">Nuestra visi\u00f3n<\/mark><\/h1>\n\n\n\n<p id=\"block-a15cc83c-fb4d-42ac-a9f3-c0425bbf427b\">Desde su fundaci\u00f3n en el a\u00f1o 2000, Resource Brokers GmbH, Berl\u00edn, se ha visto a s\u00ed misma como una plataforma de cooperaci\u00f3n y consultor\u00eda para proyectos temporales y nuevas \u00e1reas de negocio en beneficio de nuestros miembros de cooperaci\u00f3n y clientes.<\/p>\n\n\n\n<p>Nuestros principios:<\/p>\n\n\n\n<p>Confianza, lealtad, equidad y fiabilidad son la base de toda cooperaci\u00f3n. Nuestra reputaci\u00f3n por estos principios es nuestro valor m\u00e1s importante. Apoyamos los \u00abDiez Principios del Pacto Mundial de las Naciones Unidas\u00bb para la sostenibilidad.<\/p>\n\n\n\n<p>No concedemos pr\u00e9stamos. Los proyectos y las \u00e1reas de negocio deben autofinanciarse.<\/p>\n\n\n\n<p>Innovar siempre significa probar cosas, con el riesgo de no tener \u00e9xito. Para nosotros, los errores son amigos que nos ayudan a mejorar. Cultivamos una cultura abierta al error y a la cr\u00edtica.<\/p>\n\n\n\n<p id=\"block-74b89850-e267-4a59-8d3c-2dacf29703a0\">Nuestro objetivo empresarial son las nuevas oportunidades, no el tama\u00f1o ni los beneficios. No estamos orientados al crecimiento. Nos complace liberar nuestras \u00e1reas de negocio para que sean independientes si tienen \u00e9xito.<\/p>\n\n\n","protected":false},"excerpt":{"rendered":"<p>Nuestra misi\u00f3n Conocemos el poder de la cooperaci\u00f3n. Ayudamos a nuestros clientes a encontrar socios y recursos de cooperaci\u00f3n para sus situaciones empresariales particulares. Nuestras actividades comerciales Nuestra \u00e1rea principal son las tecnolog\u00edas de la informaci\u00f3n y todo lo relacionado con ellas. Si le falta un recurso importante para su idea de negocio o su &#8230; <a title=\"Sobre Nosotros\" class=\"read-more\" href=\"https:\/\/resource-brokers.com\/?page_id=154&#038;lang=es\" aria-label=\"Mehr Informationen \u00fcber Sobre Nosotros\">Weiterlesen<\/a><\/p>\n","protected":false},"author":1,"featured_media":0,"parent":0,"menu_order":0,"comment_status":"closed","ping_status":"closed","template":"","meta":{"footnotes":""},"class_list":["post-154","page","type-page","status-publish"],"_links":{"self":[{"href":"https:\/\/resource-brokers.com\/index.php?rest_route=\/wp\/v2\/pages\/154","targetHints":{"allow":["GET"]}}],"collection":[{"href":"https:\/\/resource-brokers.com\/index.php?rest_route=\/wp\/v2\/pages"}],"about":[{"href":"https:\/\/resource-brokers.com\/index.php?rest_route=\/wp\/v2\/types\/page"}],"author":[{"embeddable":true,"href":"https:\/\/resource-brokers.com\/index.php?rest_route=\/wp\/v2\/users\/1"}],"replies":[{"embeddable":true,"href":"https:\/\/resource-brokers.com\/index.php?rest_route=%2Fwp%2Fv2%2Fcomments&post=154"}],"version-history":[{"count":2,"href":"https:\/\/resource-brokers.com\/index.php?rest_route=\/wp\/v2\/pages\/154\/revisions"}],"predecessor-version":[{"id":156,"href":"https:\/\/resource-brokers.com\/index.php?rest_route=\/wp\/v2\/pages\/154\/revisions\/156"}],"wp:attachment":[{"href":"https:\/\/resource-brokers.com\/index.php?rest_route=%2Fwp%2Fv2%2Fmedia&parent=154"}],"curies":[{"name":"wp","href":"https:\/\/api.w.org\/{rel}","templated":true}]}}