{"id":157,"date":"2025-07-29T08:27:56","date_gmt":"2025-07-29T08:27:56","guid":{"rendered":"https:\/\/resource-brokers.com\/?page_id=157"},"modified":"2025-07-29T08:27:56","modified_gmt":"2025-07-29T08:27:56","slug":"socios","status":"publish","type":"page","link":"https:\/\/resource-brokers.com\/?page_id=157&lang=es","title":{"rendered":"Socios"},"content":{"rendered":"\n<figure class=\"wp-block-image\" id=\"block-0443d390-a6fd-4d9e-ae75-c17b3d063370\"><img decoding=\"async\" src=\"https:\/\/resource-brokers.com\/wp-content\/uploads\/2016\/05\/FS.jpg\" alt=\"FS\"\/><\/figure>\n\n\n\n<p id=\"block-8ae1e351-3ae0-4299-b5ef-6504ada4259f\"><\/p>\n\n\n\n<h4 class=\"wp-block-heading\" id=\"block-925362c4-1808-4a2f-a822-2834850bbbea\">Folker Scholz<\/h4>\n\n\n\n<blockquote class=\"wp-block-quote is-layout-flow wp-block-quote-is-layout-flow\">\n<p id=\"block-a552116c-e4c7-4905-9093-89c85a07d4c1\">&#8222;No existe una megaestrategia que le prometa un \u00e9xito seguro. Lo que funciona hoy puede fracasar ma\u00f1ana, porque los mercados cambian constantemente. Es importante reconocer, dar forma y controlar los cambios&#8220;.<\/p>\n<\/blockquote>\n\n\n\n<ul id=\"block-4df24c36-4571-4759-a84c-0723abff7b2c\" class=\"wp-block-list\">\n<li>Nacido en 1963, Dipl. Kfm (FH), especializado en inform\u00e1tica empresarial<\/li>\n\n\n\n<li>Consultor de gesti\u00f3n y autor (libros, Computerwoche, CIO, IT Governance)<\/li>\n\n\n\n<li>Ha trabajado en diversos puestos (incluido para KPMG) en el \u00e1mbito de la gobernanza, el riesgo y el cumplimiento desde 1987<\/li>\n\n\n\n<li>Certificado en Control de Riesgos y Sistemas de Informaci\u00f3n (CRISC)<\/li>\n\n\n\n<li>Consultor certificado en la Asociaci\u00f3n Alemana de Peque\u00f1as y Medianas Empresas (BVMW)<\/li>\n\n\n\n<li>Miembro de la Comisi\u00f3n de Internet y Digital (BVMW)<\/li>\n\n\n\n<li>Miembro del Grupo de Expertos en Sostenibilidad (BVMW)<\/li>\n\n\n\n<li>Participaci\u00f3n voluntaria en la Red Alemana de \u00c9tica Empresarial (DNWE) y en la Asociaci\u00f3n de Auditor\u00eda y Control de Sistemas de Informaci\u00f3n (ISACA), entre otras.<\/li>\n\n\n\n<li>Consultor y miembro del jurado del Concurso de Planes de Negocio de Berl\u00edn-Brandemburgo (BPW) 2013-2022<\/li>\n<\/ul>\n\n\n\n<h3 class=\"wp-block-heading\" id=\"block-0257311a-2da8-4b16-ac08-a49969fe34b4\">\u00c1mbitos de actuaci\u00f3n<\/h3>\n\n\n\n<ul id=\"block-1076bbf6-a529-4342-b5f2-23b6556a1d8f\" class=\"wp-block-list\">\n<li>Consultor\u00eda estrat\u00e9gica (ECM, TI, modelos empresariales, sostenibilidad)<\/li>\n\n\n\n<li>Inicio de cooperaciones<\/li>\n\n\n\n<li>Inicio y gesti\u00f3n de proyectos de financiaci\u00f3n<\/li>\n\n\n\n<li>Desarrollo de m\u00e9todos, estrategias, conceptos y productos<\/li>\n\n\n\n<li>An\u00e1lisis de tendencias<\/li>\n\n\n\n<li>Garant\u00eda de calidad<\/li>\n\n\n\n<li>Realizaci\u00f3n de estudios de mercado<\/li>\n\n\n\n<li>Talleres y presentaciones<\/li>\n<\/ul>\n\n\n\n<h3 class=\"wp-block-heading\" id=\"block-c0a0911b-4fb3-4850-94bd-8ec02a60b204\">Puntos focales<\/h3>\n\n\n\n<ul id=\"block-862d0536-de35-4dab-89cb-dae9bc65ea49\" class=\"wp-block-list\">\n<li>Consultor\u00eda<\/li>\n\n\n\n<li>Desarrollo de formatos de innovaci\u00f3n cooperativa<\/li>\n\n\n\n<li>Apoyo como &#8222;consejo asesor digital<\/li>\n\n\n\n<li>Cumplimiento de las TI (evaluaci\u00f3n, organizaci\u00f3n, gesti\u00f3n de datos y soporte de herramientas)<\/li>\n\n\n\n<li>Log\u00edstica de documentaci\u00f3n para el funcionamiento de la gobernanza inform\u00e1tica<\/li>\n\n\n\n<li>Gesti\u00f3n biol\u00f3gica: aplicaci\u00f3n de principios biol\u00f3gicos probados desde hace millones de a\u00f1os a diversas cuestiones econ\u00f3micas<\/li>\n<\/ul>\n\n\n\n<h4 class=\"wp-block-heading\" id=\"block-809dac79-bfad-449b-a312-3abb35f90646\">Contacto<\/h4>\n\n\n\n<p id=\"block-4e9417f8-e768-4b7d-a92c-9ac022a237f0\">Insterburgallee 33 f<br>14055 Berlin<br>Tel. 030 &#8211; 30 61 47 05<br>Movil 0171 &#8211; 74 41 963<br>eMail folker.scholz@resource-brokers.de<\/p>\n\n\n\n<hr class=\"wp-block-separator has-alpha-channel-opacity\" id=\"block-07054fe1-38bf-4cc3-bcb8-447f4e524108\"\/>\n\n\n\n<figure class=\"wp-block-image\" id=\"block-e76bf5c3-4f9b-40ae-857c-91a8f40c8b5e\"><img decoding=\"async\" src=\"https:\/\/resource-brokers.com\/wp-content\/uploads\/2016\/05\/ww-214x300.jpg\" alt=\"ww\"\/><\/figure>\n\n\n\n<p id=\"block-9b1c1df4-f7c1-47a5-9b12-77c77412d083\"><\/p>\n\n\n\n<h4 class=\"wp-block-heading\" id=\"block-00d308c2-15bc-4bd7-bf54-a97f02298084\">Walter F. Wildemann<\/h4>\n\n\n\n<blockquote class=\"wp-block-quote is-layout-flow wp-block-quote-is-layout-flow\">\n<p id=\"block-a50c511a-427d-4d3c-9e26-3ac281b55f9e\">&#8222;Una consultor\u00eda seria se basa en el an\u00e1lisis de los problemas detectados, las soluciones recomendadas para el cliente y la realizaci\u00f3n econ\u00f3mica demostrable.&#8220;<\/p>\n<\/blockquote>\n\n\n\n<ul id=\"block-de3bce92-ea95-4076-baaa-d111065d204a\" class=\"wp-block-list\">\n<li>Nacido en 1941, licenciado en administraci\u00f3n de empresas (FH)<\/li>\n\n\n\n<li>Desarrollo y apoyo de \u00e1reas comerciales en organizaciones de ventas<\/li>\n\n\n\n<li>Integraci\u00f3n y reorganizaci\u00f3n de unidades de negocio<\/li>\n\n\n\n<li>Trabaj\u00f3 durante varios a\u00f1os para una empresa internacional de auditor\u00eda<\/li>\n\n\n\n<li>Desarrollo y gesti\u00f3n de una unidad de servicios de \u00abgesti\u00f3n de documentos\u00bb con m\u00e1s de 150 empleados y m\u00e1s de 100 proyectos<\/li>\n\n\n\n<li>Muchos a\u00f1os de experiencia en el extranjero en puestos directivos<\/li>\n\n\n\n<li>Socio y director gerente en una empresa mediana<\/li>\n\n\n\n<li>Profesor de control de grupos<\/li>\n<\/ul>\n\n\n\n<h3 class=\"wp-block-heading\" id=\"block-ace10300-269b-4b4d-be77-b46f9a2e5bb8\">\u00c1mbitos de actuaci\u00f3n<\/h3>\n\n\n\n<ul id=\"block-fed7ddcb-f11f-45e2-a223-f4f83d0e1cb3\" class=\"wp-block-list\">\n<li>Identificaci\u00f3n de proyectos<\/li>\n\n\n\n<li>Fundaci\u00f3n y gesti\u00f3n comercial de medianas empresas del sector servicios<\/li>\n\n\n\n<li>Consultor\u00eda de gesti\u00f3n<\/li>\n<\/ul>\n\n\n\n<h3 class=\"wp-block-heading\" id=\"block-b9973caa-aadd-445c-8d6b-6c51f2b3e8b0\">Puntos focales<\/h3>\n\n\n\n<ul id=\"block-a5ae1cd7-d4e4-4eda-9148-73a32e72d173\" class=\"wp-block-list\">\n<li>Creaci\u00f3n de empresas<\/li>\n\n\n\n<li>Archivo y gesti\u00f3n de documentos<\/li>\n\n\n\n<li>Consultor\u00eda de gesti\u00f3n para organizaciones sin \u00e1nimo de lucro<\/li>\n\n\n\n<li>Gesti\u00f3n interina<\/li>\n<\/ul>\n\n\n\n<h4 class=\"wp-block-heading\" id=\"block-7b056abf-a69d-4e9d-beec-4cb4fb28db31\">Contacto<\/h4>\n\n\n\n<p id=\"block-d3fb81f3-0177-431a-9f3d-2a027009cb21\">Poppenb\u00fctteler Weg 200<br>22399 Hamburg<br>Tel. 040-60 299 349<br>Movil 0176 &#8211; 71 73 47 00<br>eMail walter.wildemann@resource-brokers.de<\/p>\n","protected":false},"excerpt":{"rendered":"<p>Folker Scholz &#8222;No existe una megaestrategia que le prometa un \u00e9xito seguro. Lo que funciona hoy puede fracasar ma\u00f1ana, porque los mercados cambian constantemente. Es importante reconocer, dar forma y controlar los cambios&#8220;. \u00c1mbitos de actuaci\u00f3n Puntos focales Contacto Insterburgallee 33 f14055 BerlinTel. 030 &#8211; 30 61 47 05Movil 0171 &#8211; 74 41 963eMail folker.scholz@resource-brokers.de &#8230; <a title=\"Socios\" class=\"read-more\" href=\"https:\/\/resource-brokers.com\/?page_id=157&#038;lang=es\" aria-label=\"Mehr Informationen \u00fcber Socios\">Weiterlesen<\/a><\/p>\n","protected":false},"author":1,"featured_media":0,"parent":0,"menu_order":0,"comment_status":"closed","ping_status":"closed","template":"","meta":{"footnotes":""},"class_list":["post-157","page","type-page","status-publish"],"_links":{"self":[{"href":"https:\/\/resource-brokers.com\/index.php?rest_route=\/wp\/v2\/pages\/157","targetHints":{"allow":["GET"]}}],"collection":[{"href":"https:\/\/resource-brokers.com\/index.php?rest_route=\/wp\/v2\/pages"}],"about":[{"href":"https:\/\/resource-brokers.com\/index.php?rest_route=\/wp\/v2\/types\/page"}],"author":[{"embeddable":true,"href":"https:\/\/resource-brokers.com\/index.php?rest_route=\/wp\/v2\/users\/1"}],"replies":[{"embeddable":true,"href":"https:\/\/resource-brokers.com\/index.php?rest_route=%2Fwp%2Fv2%2Fcomments&post=157"}],"version-history":[{"count":1,"href":"https:\/\/resource-brokers.com\/index.php?rest_route=\/wp\/v2\/pages\/157\/revisions"}],"predecessor-version":[{"id":158,"href":"https:\/\/resource-brokers.com\/index.php?rest_route=\/wp\/v2\/pages\/157\/revisions\/158"}],"wp:attachment":[{"href":"https:\/\/resource-brokers.com\/index.php?rest_route=%2Fwp%2Fv2%2Fmedia&parent=157"}],"curies":[{"name":"wp","href":"https:\/\/api.w.org\/{rel}","templated":true}]}}