{"id":159,"date":"2025-07-29T08:32:06","date_gmt":"2025-07-29T08:32:06","guid":{"rendered":"https:\/\/resource-brokers.com\/?page_id=159"},"modified":"2025-07-29T08:32:07","modified_gmt":"2025-07-29T08:32:07","slug":"aviso-legal","status":"publish","type":"page","link":"https:\/\/resource-brokers.com\/?page_id=159&lang=es","title":{"rendered":"Aviso Legal"},"content":{"rendered":"\n<h4 class=\"wp-block-heading\" id=\"block-c134df62-1e25-42ac-a7dc-9ccbb461ab4e\">Copyright<\/h4>\n\n\n\n<p id=\"block-22f4622f-77cd-4a66-9c9a-cd99c852420b\">Todos los derechos reservados. La reimpresi\u00f3n y reproducci\u00f3n de los textos editoriales, incluidos el almacenamiento y la utilizaci\u00f3n en soportes de datos \u00f3pticos y electr\u00f3nicos, s\u00f3lo podr\u00e1n realizarse con el consentimiento de la empresa. Queda prohibida la explotaci\u00f3n total o parcial de los contenidos por terceros no autorizados.<\/p>\n\n\n\n<h4 class=\"wp-block-heading\" id=\"block-6195db1e-454d-4c3d-8f4e-e9a70d40310d\">Marca<\/h4>\n\n\n\n<p id=\"block-6c59cad6-02ac-4b7a-856e-a5d2ec1bf142\">\u00a9 Los logotipos de la empresa son marcas registradas de Resource-Brokers GmbH. Todos los derechos reservados.<\/p>\n\n\n\n<h4 class=\"wp-block-heading\" id=\"block-af318318-d4fa-4eb9-bdfd-91aa1b8a2a40\">Responsabilidad<\/h4>\n\n\n\n<p id=\"block-ce4bf4b6-d48f-4d3a-bb77-48a9feaa767f\">En caso de que el contenido contenga informaci\u00f3n inexacta o se produzcan errores en los programas o circuitos publicados, la responsabilidad s\u00f3lo podr\u00e1 considerarse en caso de negligencia grave por parte de la empresa o de sus empleados.<\/p>\n\n\n\n<h4 class=\"wp-block-heading\" id=\"block-928c8ac9-af9c-44bb-ab2e-4835721ff726\">Contenido<\/h4>\n\n\n\n<p id=\"block-53523680-918c-47d7-8639-de1da34a9ac6\">Resource Brokers GmbH<br>Insterburgallee 33f<br>D-14055 Berlin<\/p>\n\n\n\n<p id=\"block-618ee2b1-5ab4-4fb8-8945-e0a84f0b02c5\">Tel: 030 &#8211; 306 14 705<br>Email: folker.scholz@resource-brokers.de<\/p>\n\n\n\n<p id=\"block-bd404842-c858-48dc-b37f-91d3e4ae005a\">Registro mercantil: HR B 77840 B (Berlin-Charlottenburg)<br>VAT-ID: DE 212438662<\/p>\n","protected":false},"excerpt":{"rendered":"<p>Copyright Todos los derechos reservados. La reimpresi\u00f3n y reproducci\u00f3n de los textos editoriales, incluidos el almacenamiento y la utilizaci\u00f3n en soportes de datos \u00f3pticos y electr\u00f3nicos, s\u00f3lo podr\u00e1n realizarse con el consentimiento de la empresa. Queda prohibida la explotaci\u00f3n total o parcial de los contenidos por terceros no autorizados. Marca \u00a9 Los logotipos de la &#8230; <a title=\"Aviso Legal\" class=\"read-more\" href=\"https:\/\/resource-brokers.com\/?page_id=159&#038;lang=es\" aria-label=\"Mehr Informationen \u00fcber Aviso Legal\">Weiterlesen<\/a><\/p>\n","protected":false},"author":1,"featured_media":0,"parent":0,"menu_order":0,"comment_status":"closed","ping_status":"closed","template":"","meta":{"footnotes":""},"class_list":["post-159","page","type-page","status-publish"],"_links":{"self":[{"href":"https:\/\/resource-brokers.com\/index.php?rest_route=\/wp\/v2\/pages\/159","targetHints":{"allow":["GET"]}}],"collection":[{"href":"https:\/\/resource-brokers.com\/index.php?rest_route=\/wp\/v2\/pages"}],"about":[{"href":"https:\/\/resource-brokers.com\/index.php?rest_route=\/wp\/v2\/types\/page"}],"author":[{"embeddable":true,"href":"https:\/\/resource-brokers.com\/index.php?rest_route=\/wp\/v2\/users\/1"}],"replies":[{"embeddable":true,"href":"https:\/\/resource-brokers.com\/index.php?rest_route=%2Fwp%2Fv2%2Fcomments&post=159"}],"version-history":[{"count":1,"href":"https:\/\/resource-brokers.com\/index.php?rest_route=\/wp\/v2\/pages\/159\/revisions"}],"predecessor-version":[{"id":160,"href":"https:\/\/resource-brokers.com\/index.php?rest_route=\/wp\/v2\/pages\/159\/revisions\/160"}],"wp:attachment":[{"href":"https:\/\/resource-brokers.com\/index.php?rest_route=%2Fwp%2Fv2%2Fmedia&parent=159"}],"curies":[{"name":"wp","href":"https:\/\/api.w.org\/{rel}","templated":true}]}}