{"id":161,"date":"2025-07-29T08:35:59","date_gmt":"2025-07-29T08:35:59","guid":{"rendered":"https:\/\/resource-brokers.com\/?page_id=161"},"modified":"2025-07-29T08:35:59","modified_gmt":"2025-07-29T08:35:59","slug":"politica-de-privacidad","status":"publish","type":"page","link":"https:\/\/resource-brokers.com\/?page_id=161&lang=es","title":{"rendered":"Politica de privacidad"},"content":{"rendered":"\n\n\n<h2 class=\"wp-block-heading\" id=\"block-967be1c5-3d8a-4dfa-8d15-f56b6e4207e7\">1. Protecci\u00f3n de datos de un vistazo<\/h2>\n\n\n\n<h3 class=\"wp-block-heading\" id=\"block-460d07be-d281-46e0-b183-2b3ccfc40c15\">Informaci\u00f3n general<\/h3>\n\n\n\n<p id=\"block-eff7df3e-eb4b-4dc5-8dfd-a427262f1e97\">La siguiente informaci\u00f3n ofrece una visi\u00f3n general de lo que ocurre con sus datos personales cuando visita este sitio web. Por datos personales se entiende cualquier dato que pueda utilizarse para identificarle personalmente. Encontrar\u00e1 informaci\u00f3n detallada sobre el tema de la protecci\u00f3n de datos en nuestra declaraci\u00f3n de protecci\u00f3n de datos que figura debajo de este texto.<\/p>\n\n\n\n<h3 class=\"wp-block-heading\" id=\"block-b300d99d-e296-4c85-8731-c442552745d1\">Recogida de datos en este sitio web<\/h3>\n\n\n\n<h4 class=\"wp-block-heading\" id=\"block-dbeb620d-845d-4d0b-989e-c972b60f9f37\">\u00bfQui\u00e9n es responsable de la recogida de datos en este sitio web?<\/h4>\n\n\n\n<p id=\"block-4dbb50ad-2b9b-4e88-8216-7cb3e8b3105a\">El tratamiento de datos en este sitio web lo lleva a cabo el operador del mismo. Encontrar\u00e1 los datos de contacto del operador en la secci\u00f3n &#8222;Informaci\u00f3n sobre el responsable del tratamiento&#8220; de esta pol\u00edtica de privacidad.<\/p>\n\n\n\n<h4 class=\"wp-block-heading\" id=\"block-c0e4a8e5-5fdb-4380-ad55-049df61f2760\">\u00bfC\u00f3mo recogemos sus datos?<\/h4>\n\n\n\n<p id=\"block-55fac9fd-9a71-4574-97a5-3f9120e5a834\">Por un lado, sus datos se recogen cuando usted nos los facilita. Puede tratarse, por ejemplo, de los datos que introduce en un formulario de contacto.<\/p>\n\n\n\n<p id=\"block-ae2f3f29-f0e8-494c-9db2-6c12acb7e6a0\">Otros datos son recogidos autom\u00e1ticamente o con su consentimiento por nuestros sistemas inform\u00e1ticos cuando visita el sitio web. Se trata principalmente de datos t\u00e9cnicos (por ejemplo, navegador de Internet, sistema operativo o tiempo de visualizaci\u00f3n de la p\u00e1gina). Estos datos se recogen autom\u00e1ticamente en cuanto usted entra en este sitio web.<\/p>\n\n\n\n<h4 class=\"wp-block-heading\" id=\"block-bb3868b1-8133-4e7a-8b5f-195252b98e22\">\u00bfPara qu\u00e9 utilizamos sus datos?<\/h4>\n\n\n\n<p>Algunos de los datos se recogen para garantizar que el sitio web se ofrece sin errores. Otros datos pueden utilizarse para analizar su comportamiento como usuario.<\/p>\n\n\n\n<h4 class=\"wp-block-heading\">\u00bfQu\u00e9 derechos tiene en relaci\u00f3n con sus datos?<\/h4>\n\n\n\n<p>Tiene derecho a recibir informaci\u00f3n gratuita en cualquier momento sobre el origen, el destinatario y la finalidad de sus datos personales almacenados. Tambi\u00e9n tiene derecho a solicitar la correcci\u00f3n o supresi\u00f3n de estos datos. Si ha dado su consentimiento al tratamiento de datos, puede revocarlo en cualquier momento para el futuro. Tambi\u00e9n tiene derecho a solicitar la limitaci\u00f3n del tratamiento de sus datos personales en determinadas circunstancias. Adem\u00e1s, tiene derecho a presentar una reclamaci\u00f3n ante la autoridad de control competente.<\/p>\n\n\n\n<p id=\"block-90f3a5f1-1d30-4eb9-9e5c-6f08756e7687\">Puede ponerse en contacto con nosotros en cualquier momento si tiene m\u00e1s preguntas sobre el tema de la protecci\u00f3n de datos.<\/p>\n\n\n\n<h4 class=\"wp-block-heading\" id=\"block-91b8b536-5c71-4cd3-b171-03cbd34032f9\">Herramientas de an\u00e1lisis y de terceros proveedores<\/h4>\n\n\n\n<p>Cuando visita este sitio web, su comportamiento de navegaci\u00f3n puede ser evaluado estad\u00edsticamente. Para ello se utilizan principalmente los denominados programas de an\u00e1lisis.<\/p>\n\n\n\n<p id=\"block-06cfc82f-eb33-4bb8-b34f-f91790ad9cd9\">Encontrar\u00e1 informaci\u00f3n detallada sobre estos programas de an\u00e1lisis en la siguiente pol\u00edtica de privacidad.<\/p>\n\n\n\n<h2 class=\"wp-block-heading\" id=\"block-4f1818eb-0922-40c6-99e1-6d84900b57c1\">2. Hosting<\/h2>\n\n\n\n<p>Alojamos el contenido de nuestro sitio web con el siguiente proveedor:<\/p>\n\n\n\n<h3 class=\"wp-block-heading\">Strato<\/h3>\n\n\n\n<p>El proveedor es Strato AG, Otto-Ostrowski-Stra\u00dfe 7, 10249 Berl\u00edn (en lo sucesivo, &#8222;Strato&#8220;). Cuando visita nuestro sitio web, Strato recopila varios archivos de registro, incluidas sus direcciones IP.<\/p>\n\n\n\n<p>Encontrar\u00e1 m\u00e1s informaci\u00f3n al respecto en la pol\u00edtica de privacidad de Strato: https:\/\/www.strato.de\/datenschutz\/.<\/p>\n\n\n\n<p>Strato se utiliza sobre la base del art\u00edculo 6, apartado 1, letra f) del GDPR. Tenemos un inter\u00e9s leg\u00edtimo en mostrar nuestro sitio web de la forma m\u00e1s fiable posible. Si se ha solicitado el correspondiente consentimiento, el tratamiento se lleva a cabo exclusivamente sobre la base del art. 6, apdo. 1 lit. a GDPR y del art. 25, apdo. 1 TTDSG, en la medida en que el consentimiento incluya el almacenamiento de cookies o el acceso a informaci\u00f3n en el dispositivo terminal del usuario (por ejemplo, huella digital del dispositivo) en el sentido de la TTDSG. El consentimiento puede revocarse en cualquier momento.<\/p>\n\n\n\n<h4 class=\"wp-block-heading\">Tramitaci\u00f3n de pedidos<\/h4>\n\n\n\n<p id=\"block-9aa206c6-881b-4cf0-bf63-319afd9ee3a1\">Hemos celebrado un acuerdo de tratamiento de datos (APD) para el uso del servicio mencionado. Se trata de un contrato prescrito por la ley de protecci\u00f3n de datos, que garantiza que procesa los datos personales de los visitantes de nuestro sitio web \u00fanicamente de acuerdo con nuestras instrucciones y en cumplimiento del GDPR.<\/p>\n\n\n\n<h2 class=\"wp-block-heading\" id=\"block-82ce0481-5843-416e-b4b1-7a9a47621f3a\">3. Notas generales e informaci\u00f3n obligatoria<\/h2>\n\n\n\n<h3 class=\"wp-block-heading\">Protecci\u00f3n de datos<\/h3>\n\n\n\n<p>Los operadores de estas p\u00e1ginas se toman muy en serio la protecci\u00f3n de sus datos personales. Tratamos sus datos personales de forma confidencial y de conformidad con las disposiciones legales sobre protecci\u00f3n de datos y la presente pol\u00edtica de privacidad.<\/p>\n\n\n\n<p>Cuando usted utiliza este sitio web, se recopilan diversos datos personales. Los datos personales son datos que pueden utilizarse para identificarle personalmente. Esta pol\u00edtica de privacidad explica qu\u00e9 datos recogemos y para qu\u00e9 los utilizamos. Tambi\u00e9n explica c\u00f3mo y con qu\u00e9 fin se hace.<\/p>\n\n\n\n<p>Nos gustar\u00eda se\u00f1alar que la transmisi\u00f3n de datos a trav\u00e9s de Internet (por ejemplo, al comunicarse por correo electr\u00f3nico) puede estar sujeta a vulnerabilidades de seguridad. No es posible proteger completamente los datos contra el acceso de terceros.<\/p>\n\n\n\n<h3 class=\"wp-block-heading\">Nota sobre el organismo responsable<\/h3>\n\n\n\n<p>El responsable del tratamiento de datos en este sitio web es<\/p>\n\n\n\n<p>Resource Brokers GmbH<br>Insterburgallee 33f<br>D-14055 Berlin<\/p>\n\n\n\n<p>Tel\u00e9fono: +493030614705<br>eMail: lorena.scholz@resource-brokers.com<\/p>\n\n\n\n<p>El responsable del tratamiento es la persona f\u00edsica o jur\u00eddica que, sola o conjuntamente con otras, determina los fines y medios del tratamiento de datos personales (por ejemplo, nombres, direcciones de correo electr\u00f3nico, etc.).<\/p>\n\n\n\n<h3 class=\"wp-block-heading\">Duraci\u00f3n del almacenamiento<\/h3>\n\n\n\n<p>A menos que se haya especificado un periodo de conservaci\u00f3n m\u00e1s concreto en esta pol\u00edtica de privacidad, sus datos personales permanecer\u00e1n con nosotros hasta que deje de aplicarse la finalidad del tratamiento de datos. Si hace valer una solicitud justificada de supresi\u00f3n o revoca su consentimiento para el tratamiento de datos, sus datos se suprimir\u00e1n, a menos que tengamos otros motivos legalmente admisibles para almacenar sus datos personales (por ejemplo, periodos de conservaci\u00f3n en virtud de la legislaci\u00f3n fiscal o mercantil); en este \u00faltimo caso, la supresi\u00f3n se producir\u00e1 cuando dejen de aplicarse dichos motivos.<\/p>\n\n\n\n<h3 class=\"wp-block-heading\">Informaci\u00f3n general sobre la base jur\u00eddica del tratamiento de datos en este sitio web<\/h3>\n\n\n\n<p>Si ha dado su consentimiento para el tratamiento de datos, procesamos sus datos personales sobre la base del art. 6, apdo. 1 lit. a GDPR o del art. 9, apdo. 2 lit. a GDPR, en la medida en que se procesen categor\u00edas especiales de datos de conformidad con el art. 9, apdo. 1 GDPR. En caso de consentimiento expreso para la transferencia de datos personales a terceros pa\u00edses, el tratamiento de datos tambi\u00e9n se lleva a cabo sobre la base del art. 49, apdo. 1 lit. a GDPR. Si ha dado su consentimiento para el almacenamiento de cookies o el acceso a la informaci\u00f3n en su dispositivo final (por ejemplo, a trav\u00e9s de la huella digital del dispositivo), el procesamiento de datos tambi\u00e9n se lleva a cabo sobre la base del art\u00edculo 25 (1) del GDPR. El consentimiento puede revocarse en cualquier momento. Si sus datos son necesarios para el cumplimiento de un contrato o para la aplicaci\u00f3n de medidas precontractuales, procesamos sus datos sobre la base del Art. 6 p\u00e1rrafo 1 lit. b GDPR. Adem\u00e1s, procesamos sus datos si es necesario para cumplir una obligaci\u00f3n legal sobre la base del Art. 6 para. 1 lit. c GDPR. El tratamiento de datos tambi\u00e9n puede llevarse a cabo sobre la base de nuestro inter\u00e9s leg\u00edtimo de conformidad con el art\u00edculo 6, apartado 1, letra f del RGPD. La informaci\u00f3n sobre las bases jur\u00eddicas pertinentes en cada caso individual se proporciona en los siguientes p\u00e1rrafos de esta pol\u00edtica de privacidad.<\/p>\n\n\n\n<h3 class=\"wp-block-heading\">Destinatarios de los datos personales<\/h3>\n\n\n\n<p>En el marco de nuestras actividades empresariales, colaboramos con diversas organizaciones externas. En algunos casos, tambi\u00e9n es necesario transmitir datos personales a estas organizaciones externas. S\u00f3lo transmitimos datos personales a organismos externos si es necesario para el cumplimiento de un contrato, si estamos legalmente obligados a hacerlo (por ejemplo, transmisi\u00f3n de datos a las autoridades fiscales), si tenemos un inter\u00e9s leg\u00edtimo en la transmisi\u00f3n de conformidad con el art\u00edculo 6, apartado 1, letra f del GDPR o si otra base jur\u00eddica permite la transmisi\u00f3n de datos. Cuando utilizamos procesadores, s\u00f3lo transmitimos los datos personales de nuestros clientes sobre la base de un contrato v\u00e1lido para el procesamiento de pedidos. En caso de tratamiento conjunto, se celebra un acuerdo de tratamiento conjunto.<\/p>\n\n\n\n<h3 class=\"wp-block-heading\">Revocaci\u00f3n de su consentimiento para el tratamiento de datos<\/h3>\n\n\n\n<p id=\"block-a2689199-d955-4e7d-a6cb-d880087be1a7\">Muchas operaciones de tratamiento de datos s\u00f3lo son posibles con su consentimiento expreso. Puede revocar su consentimiento en cualquier momento. La legalidad del tratamiento de datos efectuado hasta la revocaci\u00f3n no se ver\u00e1 afectada por \u00e9sta.<\/p>\n\n\n\n<h3 class=\"wp-block-heading\" id=\"block-34dafc2c-e439-4d45-8e9f-787422b72e52\">Derecho a oponerse a la recogida de datos en casos especiales y a la mercadotecnia directa (Art. 21 GDPR)<\/h3>\n\n\n\n<p>SI EL TRATAMIENTO DE DATOS SE BASA EN EL ART. 6 ABS. 1 LIT. E O F GDPR, TIENE DERECHO A OPONERSE EN CUALQUIER MOMENTO AL TRATAMIENTO DE SUS DATOS PERSONALES POR MOTIVOS RELACIONADOS CON SU SITUACI\u00d3N PARTICULAR; ESTO TAMBI\u00c9N SE APLICA A LA ELABORACI\u00d3N DE PERFILES BASADA EN ESTAS DISPOSICIONES. LA BASE JUR\u00cdDICA RESPECTIVA EN LA QUE SE BASA EL TRATAMIENTO PUEDE CONSULTARSE EN ESTA POL\u00cdTICA DE PRIVACIDAD. SI SE OPONE, DEJAREMOS DE TRATAR SUS DATOS PERSONALES EN CUESTI\u00d3N, A MENOS QUE PODAMOS DEMOSTRAR MOTIVOS LEG\u00cdTIMOS IMPERIOSOS PARA EL TRATAMIENTO QUE PREVALEZCAN SOBRE SUS INTERESES, DERECHOS Y LIBERTADES, O QUE EL TRATAMIENTO SIRVA PARA EL RECONOCIMIENTO, EJERCICIO O DEFENSA DE RECLAMACIONES LEGALES (OPOSICI\u00d3N CON ARREGLO AL ART\u00cdCULO 21, APARTADO 1, DEL RGPD).<\/p>\n\n\n\n<p>SI SUS DATOS PERSONALES SE TRATAN CON FINES DE MERCADOTECNIA DIRECTA, USTED TIENE DERECHO A OPONERSE EN CUALQUIER MOMENTO AL TRATAMIENTO DE LOS DATOS PERSONALES QUE LE CONCIERNEN A EFECTOS DE DICHA MERCADOTECNIA; ESTO TAMBI\u00c9N SE APLICA A LA ELABORACI\u00d3N DE PERFILES EN LA MEDIDA EN QUE EST\u00c9 RELACIONADA CON DICHA MERCADOTECNIA DIRECTA. SI SE OPONE, SUS DATOS PERSONALES DEJAR\u00c1N DE UTILIZARSE POSTERIORMENTE PARA FINES DE MERCADOTECNIA DIRECTA (OPOSICI\u00d3N DE CONFORMIDAD CON EL ART\u00cdCULO 21, APARTADO 2, DEL GDPR).<\/p>\n\n\n\n<h3 class=\"wp-block-heading\">Derecho a presentar una reclamaci\u00f3n ante la autoridad de control competente<\/h3>\n\n\n\n<p>En caso de violaci\u00f3n del RGPD, los interesados tienen derecho a presentar una reclamaci\u00f3n ante una autoridad de control, en particular en el Estado miembro de su residencia habitual, lugar de trabajo o lugar de la presunta violaci\u00f3n. El derecho a presentar una reclamaci\u00f3n se entiende sin perjuicio de cualquier otro recurso administrativo o judicial.<\/p>\n\n\n\n<h3 class=\"wp-block-heading\">Derecho a la portabilidad de los datos<\/h3>\n\n\n\n<p>Tiene derecho a que los datos que tratamos autom\u00e1ticamente sobre la base de su consentimiento o en cumplimiento de un contrato le sean entregados a usted o a un tercero en un formato de uso com\u00fan legible por m\u00e1quina. Si solicita la transferencia directa de los datos a otro responsable del tratamiento, s\u00f3lo se llevar\u00e1 a cabo si es t\u00e9cnicamente viable.<\/p>\n\n\n\n<h3 class=\"wp-block-heading\">Informaci\u00f3n, rectificaci\u00f3n y supresi\u00f3n<\/h3>\n\n\n\n<p>En el marco de las disposiciones legales aplicables, usted tiene derecho en todo momento a la libre informaci\u00f3n sobre sus datos personales almacenados, su origen y destinatario y la finalidad del tratamiento de datos y, en caso necesario, derecho a la rectificaci\u00f3n o supresi\u00f3n de estos datos. Puede ponerse en contacto con nosotros en cualquier momento si tiene m\u00e1s preguntas sobre el tema de los datos personales.<\/p>\n\n\n\n<h3 class=\"wp-block-heading\">Derecho a la limitaci\u00f3n del tratamiento<\/h3>\n\n\n\n<p>Tiene derecho a solicitar la limitaci\u00f3n del tratamiento de sus datos personales. Para ello, puede ponerse en contacto con nosotros en cualquier momento. El derecho a la limitaci\u00f3n del tratamiento existe en los siguientes casos:<\/p>\n\n\n\n<ul class=\"wp-block-list\">\n<li>Si impugna la exactitud de sus datos personales almacenados por nosotros, generalmente necesitamos tiempo para comprobarlo. Mientras dure la revisi\u00f3n, tiene derecho a solicitar que se restrinja el tratamiento de sus datos personales.<\/li>\n\n\n\n<li>Si el tratamiento de sus datos personales ha sido o es il\u00edcito, puede solicitar la limitaci\u00f3n del tratamiento de datos en lugar de su supresi\u00f3n.<\/li>\n\n\n\n<li>Si ya no necesitamos sus datos personales, pero usted los necesita para el ejercicio, defensa o reclamaci\u00f3n de acciones legales, tiene derecho a solicitar la limitaci\u00f3n del tratamiento de sus datos personales en lugar de su supresi\u00f3n.<\/li>\n\n\n\n<li>Si ha presentado una objeci\u00f3n de conformidad con el art\u00edculo 21, apartado 1, del RGPD, debe alcanzarse un equilibrio entre sus intereses y los nuestros. Mientras no se haya determinado qu\u00e9 intereses prevalecen, usted tiene derecho a solicitar la restricci\u00f3n del tratamiento de sus datos personales.<\/li>\n<\/ul>\n\n\n\n<p>Si ha restringido el tratamiento de sus datos personales, estos datos -aparte de su almacenamiento- s\u00f3lo podr\u00e1n tratarse con su consentimiento o para el reconocimiento, ejercicio o defensa de un derecho en un procedimiento judicial o para la protecci\u00f3n de los derechos de otra persona f\u00edsica o jur\u00eddica o por razones de inter\u00e9s p\u00fablico importantes de la Uni\u00f3n Europea o de un Estado miembro.<\/p>\n\n\n\n<p>Fuente: https:\/\/www.e-recht24.de<\/p>\n","protected":false},"excerpt":{"rendered":"<p>1. Protecci\u00f3n de datos de un vistazo Informaci\u00f3n general La siguiente informaci\u00f3n ofrece una visi\u00f3n general de lo que ocurre con sus datos personales cuando visita este sitio web. Por datos personales se entiende cualquier dato que pueda utilizarse para identificarle personalmente. Encontrar\u00e1 informaci\u00f3n detallada sobre el tema de la protecci\u00f3n de datos en nuestra &#8230; <a title=\"Politica de privacidad\" class=\"read-more\" href=\"https:\/\/resource-brokers.com\/?page_id=161&#038;lang=es\" aria-label=\"Mehr Informationen \u00fcber Politica de privacidad\">Weiterlesen<\/a><\/p>\n","protected":false},"author":1,"featured_media":0,"parent":0,"menu_order":0,"comment_status":"closed","ping_status":"closed","template":"","meta":{"footnotes":""},"class_list":["post-161","page","type-page","status-publish"],"_links":{"self":[{"href":"https:\/\/resource-brokers.com\/index.php?rest_route=\/wp\/v2\/pages\/161","targetHints":{"allow":["GET"]}}],"collection":[{"href":"https:\/\/resource-brokers.com\/index.php?rest_route=\/wp\/v2\/pages"}],"about":[{"href":"https:\/\/resource-brokers.com\/index.php?rest_route=\/wp\/v2\/types\/page"}],"author":[{"embeddable":true,"href":"https:\/\/resource-brokers.com\/index.php?rest_route=\/wp\/v2\/users\/1"}],"replies":[{"embeddable":true,"href":"https:\/\/resource-brokers.com\/index.php?rest_route=%2Fwp%2Fv2%2Fcomments&post=161"}],"version-history":[{"count":1,"href":"https:\/\/resource-brokers.com\/index.php?rest_route=\/wp\/v2\/pages\/161\/revisions"}],"predecessor-version":[{"id":162,"href":"https:\/\/resource-brokers.com\/index.php?rest_route=\/wp\/v2\/pages\/161\/revisions\/162"}],"wp:attachment":[{"href":"https:\/\/resource-brokers.com\/index.php?rest_route=%2Fwp%2Fv2%2Fmedia&parent=161"}],"curies":[{"name":"wp","href":"https:\/\/api.w.org\/{rel}","templated":true}]}}