{"id":18,"date":"2016-05-27T09:59:45","date_gmt":"2016-05-27T09:59:45","guid":{"rendered":"http:\/\/resource-brokers.com\/?page_id=18"},"modified":"2025-07-24T10:15:40","modified_gmt":"2025-07-24T10:15:40","slug":"impressum","status":"publish","type":"page","link":"https:\/\/resource-brokers.com\/?page_id=18","title":{"rendered":"Impressum"},"content":{"rendered":"\n<h4 class=\"wp-block-heading\">Copyright<\/h4>\n\n\n\n<p><span style=\"font-family: Arial, Helvetica, sans-serif;\">Alle Rechte vorbehalten. Nachdruck und Vervielf\u00e4ltigung der redaktionellen Texte einschlie\u00dflich Speicherung und Nutzung auf optischen und elektronischen Datentr\u00e4gern nur mit Zustimmung der Gesellschaft. Die ganze oder teilweise Verwertung von Inhalten durch unberechtigte Dritte ist untersagt.<\/span><\/p>\n\n\n\n<h4 class=\"wp-block-heading\">Marke<\/h4>\n\n\n\n<p><span style=\"font-family: Arial, Helvetica, sans-serif;\">\u00a9 Die Firmenlogos sind eingetragene Warenzeichen der Resource-Brokers GmbH. Alle Rechte vorbehalten.<\/span><\/p>\n\n\n\n<h4 class=\"wp-block-heading\">Haftung<\/h4>\n\n\n\n<p><span style=\"font-family: Arial, Helvetica, sans-serif;\">F\u00fcr den Fall, dass Inhalte unzutreffende Informationen enthalten, oder in ver\u00f6ffentlichten Programmen oder in Schaltungen Fehler enthalten sein sollten, kommt eine Haftung nur bei grober Fahrl\u00e4ssigkeit der Gesellschaft oder ihrer Mitarbeiter in Betracht.<\/span><\/p>\n\n\n\n<h4 class=\"wp-block-heading\">Inhalt<\/h4>\n\n\n\n<p><span style=\"font-family: Arial, Helvetica, sans-serif;\">Resource Brokers GmbH<br>Insterburgallee 33f<br>D-14055 Berlin<\/span><\/p>\n\n\n\n<p><span style=\"font-family: Arial, Helvetica, sans-serif;\">Tel: 030 &#8211; 306 14 705<br>Email: folker.scholz@resource-brokers.de<\/span><\/p>\n\n\n\n<p>Handelsregister: HR B 77840 B (Berlin-Charlottenburg)<br>Umsatzsteuer-ID: DE 212438662<\/p>\n\n\n\n\n","protected":false},"excerpt":{"rendered":"<p>Copyright Alle Rechte vorbehalten. Nachdruck und Vervielf\u00e4ltigung der redaktionellen Texte einschlie\u00dflich Speicherung und Nutzung auf optischen und elektronischen Datentr\u00e4gern nur mit Zustimmung der Gesellschaft. Die ganze oder teilweise Verwertung von Inhalten durch unberechtigte Dritte ist untersagt. Marke \u00a9 Die Firmenlogos sind eingetragene Warenzeichen der Resource-Brokers GmbH. Alle Rechte vorbehalten. Haftung F\u00fcr den Fall, dass Inhalte &#8230; <a title=\"Impressum\" class=\"read-more\" href=\"https:\/\/resource-brokers.com\/?page_id=18\" aria-label=\"Mehr Informationen \u00fcber Impressum\">Weiterlesen<\/a><\/p>\n","protected":false},"author":1,"featured_media":0,"parent":0,"menu_order":0,"comment_status":"closed","ping_status":"closed","template":"","meta":{"footnotes":""},"class_list":["post-18","page","type-page","status-publish"],"_links":{"self":[{"href":"https:\/\/resource-brokers.com\/index.php?rest_route=\/wp\/v2\/pages\/18","targetHints":{"allow":["GET"]}}],"collection":[{"href":"https:\/\/resource-brokers.com\/index.php?rest_route=\/wp\/v2\/pages"}],"about":[{"href":"https:\/\/resource-brokers.com\/index.php?rest_route=\/wp\/v2\/types\/page"}],"author":[{"embeddable":true,"href":"https:\/\/resource-brokers.com\/index.php?rest_route=\/wp\/v2\/users\/1"}],"replies":[{"embeddable":true,"href":"https:\/\/resource-brokers.com\/index.php?rest_route=%2Fwp%2Fv2%2Fcomments&post=18"}],"version-history":[{"count":4,"href":"https:\/\/resource-brokers.com\/index.php?rest_route=\/wp\/v2\/pages\/18\/revisions"}],"predecessor-version":[{"id":151,"href":"https:\/\/resource-brokers.com\/index.php?rest_route=\/wp\/v2\/pages\/18\/revisions\/151"}],"wp:attachment":[{"href":"https:\/\/resource-brokers.com\/index.php?rest_route=%2Fwp%2Fv2%2Fmedia&parent=18"}],"curies":[{"name":"wp","href":"https:\/\/api.w.org\/{rel}","templated":true}]}}