{"id":6,"date":"2016-05-27T09:39:47","date_gmt":"2016-05-27T09:39:47","guid":{"rendered":"http:\/\/resource-brokers.com\/?page_id=6"},"modified":"2025-07-24T09:24:32","modified_gmt":"2025-07-24T09:24:32","slug":"home","status":"publish","type":"page","link":"https:\/\/resource-brokers.com\/","title":{"rendered":"\u00dcber uns"},"content":{"rendered":"\n<p><\/p>\n\n\n\n<h1 class=\"wp-block-heading\"><span style=\"color: #993366;\">Unsere Mission<\/span><\/h1>\n\n\n\n<p>Wir wissen um die Kraft der Kooperation. Unseren Mandanten helfen wir, Kooperationspartner und Ressourcen f\u00fcr ihre besonderen Gesch\u00e4ftssituationen zu finden.<\/p>\n\n\n\n<h1 class=\"wp-block-heading\"><span style=\"color: #993366;\">Unsere Gesch\u00e4ftsaktivit\u00e4ten<\/span><\/h1>\n\n\n\n<p>Unsere Heimat ist die Informationstechnologie und alles, was mit ihr in Bezug steht.<\/p>\n\n\n\n<p>Ihnen fehlt eine wichtige Ressource f\u00fcr Ihre Gesch\u00e4ftsidee oder Ihr Projekt \u2013 Wir besorgen sie.<\/p>\n\n\n\n<p>Sie planen eine Kooperation oder ein Netzwerk \u2013 Wir helfen bei der Initialisierung und organisieren die neutrale Organisationsstruktur.<\/p>\n\n\n\n<p>Sie haben eine interessante Gesch\u00e4ftsidee und wollen deren Tragf\u00e4higkeit ausprobieren, ohne den Aufwand einer Firmengr\u00fcndung zu betreiben &#8211; Wir bieten f\u00fcr die Fr\u00fchphase Beratung, Projektmanagement und eine etablierte Startplattform.<\/p>\n\n\n\n<p>Sie wollen eine Gesch\u00e4ftsrepr\u00e4sentanz&nbsp;in Berlin aufbauen &#8211; Wir organisieren den Start. (Nicht nur f\u00fcr IT-Unternehmen)<\/p>\n\n\n\n<p>Sie wollen in der Start-Up Metropole Berlin ein Innovationsprojekt mit \u00f6ffentlicher F\u00f6rderung beantragen &#8211; Wir helfen bei der Auswahl des geeigneten F\u00f6rderprogramms und bei der Erstellung der F\u00f6rderantr\u00e4ge.<\/p>\n\n\n\n<h1 class=\"wp-block-heading\"><span style=\"color: #993366;\">Unser Gesch\u00e4ftsverst\u00e4ndnis<\/span><\/h1>\n\n\n\n<p>Resource Brokers GmbH, Berlin versteht sich seit ihrer Gr\u00fcndung im Jahr 2000 als eine Kooperationsplattform und Beratung f\u00fcr tempor\u00e4re Projekte und neue Gesch\u00e4ftsfelder zum Nutzen unserer Kooperationsmitglieder und Mandanten.<\/p>\n\n\n\n<p>Unsere Grunds\u00e4tze:<\/p>\n\n\n\n<p>Vertrauen, Loyalit\u00e4t, Fairness und Verl\u00e4sslichkeit sind die Grundlage jeder Kooperation. Unsere Reputation zu diesen Grunds\u00e4tzen sind unser wichtigster Wert. Wir unterst\u00fctzen die &#8222;Ten Principles of the UN Global Compact&#8220; f\u00fcr Nachhaltigkeit.<\/p>\n\n\n\n<p>Wir nehmen keine Kredite in Anspruch. Projekte und Gesch\u00e4ftsfelder m\u00fcssen sich selbst finanzieren.<\/p>\n\n\n\n<p>Innovation hei\u00dft immer, Dinge auszuprobieren, verbunden mit dem Risiko, dass sich kein Erfolg einstellt. Fehler sind f\u00fcr uns Freunde, die uns helfen, besser zu werden.&nbsp; Wir pflegen eine offene Fehler- und Kritik-Kultur.<\/p>\n\n\n\n<p>Unser Gesch\u00e4ftszweck sind neue M\u00f6glichkeiten, und nicht Gr\u00f6\u00dfe oder Gewinn. Wir sind nicht wachstumsorientiert. Wir entlassen unsere Gesch\u00e4ftsfelder bei Erfolg gerne in die Unabh\u00e4ngigkeit.<\/p>\n","protected":false},"excerpt":{"rendered":"<p>Unsere Mission Wir wissen um die Kraft der Kooperation. Unseren Mandanten helfen wir, Kooperationspartner und Ressourcen f\u00fcr ihre besonderen Gesch\u00e4ftssituationen zu finden. Unsere Gesch\u00e4ftsaktivit\u00e4ten Unsere Heimat ist die Informationstechnologie und alles, was mit ihr in Bezug steht. Ihnen fehlt eine wichtige Ressource f\u00fcr Ihre Gesch\u00e4ftsidee oder Ihr Projekt \u2013 Wir besorgen sie. Sie planen eine &#8230; <a title=\"\u00dcber uns\" class=\"read-more\" href=\"https:\/\/resource-brokers.com\/\" aria-label=\"Mehr Informationen \u00fcber \u00dcber uns\">Weiterlesen<\/a><\/p>\n","protected":false},"author":1,"featured_media":0,"parent":0,"menu_order":0,"comment_status":"closed","ping_status":"closed","template":"","meta":{"footnotes":""},"class_list":["post-6","page","type-page","status-publish"],"_links":{"self":[{"href":"https:\/\/resource-brokers.com\/index.php?rest_route=\/wp\/v2\/pages\/6","targetHints":{"allow":["GET"]}}],"collection":[{"href":"https:\/\/resource-brokers.com\/index.php?rest_route=\/wp\/v2\/pages"}],"about":[{"href":"https:\/\/resource-brokers.com\/index.php?rest_route=\/wp\/v2\/types\/page"}],"author":[{"embeddable":true,"href":"https:\/\/resource-brokers.com\/index.php?rest_route=\/wp\/v2\/users\/1"}],"replies":[{"embeddable":true,"href":"https:\/\/resource-brokers.com\/index.php?rest_route=%2Fwp%2Fv2%2Fcomments&post=6"}],"version-history":[{"count":11,"href":"https:\/\/resource-brokers.com\/index.php?rest_route=\/wp\/v2\/pages\/6\/revisions"}],"predecessor-version":[{"id":139,"href":"https:\/\/resource-brokers.com\/index.php?rest_route=\/wp\/v2\/pages\/6\/revisions\/139"}],"wp:attachment":[{"href":"https:\/\/resource-brokers.com\/index.php?rest_route=%2Fwp%2Fv2%2Fmedia&parent=6"}],"curies":[{"name":"wp","href":"https:\/\/api.w.org\/{rel}","templated":true}]}}